{"id":9415,"date":"2021-04-27T09:08:09","date_gmt":"2021-04-27T08:08:09","guid":{"rendered":"https:\/\/kastellskolan.se\/sida\/?page_id=9415"},"modified":"2026-02-10T10:59:46","modified_gmt":"2026-02-10T09:59:46","slug":"it-fragor","status":"publish","type":"page","link":"https:\/\/kastellskolan.se\/sida\/it-fragor\/","title":{"rendered":"IT-fr\u00e5gor"},"content":{"rendered":"<p>Om du har fr\u00e5gor som r\u00f6r IT (iPads, digitala l\u00e4romedel, inloggningar etc.) s\u00e5 kan du st\u00e4lla dessa\u00a0h\u00e4r:<\/p>\n<p><a href=\"mailto:support@kastellskolan.freshdesk.com\">support@kastellskolan.se<\/a><\/p>\n<p>Hj\u00e4lp oss g\u00e4rna med feedback, det \u00e4r viktigt att det fungerar s\u00e5 bra som m\u00f6jligt s\u00e5 att alla f\u00e5r den hj\u00e4lp de beh\u00f6ver.&nbsp;<\/p>\n<p>V\u00e4nliga h\u00e4lsningar<\/p>\n<p>Yvonne \u00d6stman<br \/>IT-ansvarig<\/p>\n<p><script type=\"text\/javascript\" src=\"https:\/\/s3.amazonaws.com\/assets.freshdesk.com\/widget\/freshwidget.js\"><\/script><\/p>\n","protected":false},"excerpt":{"rendered":"<p>Om du har fr\u00e5gor som r\u00f6r IT (iPads, digitala l\u00e4romedel, inloggningar etc.) s\u00e5 kan du st\u00e4lla dessa\u00a0h\u00e4r: support@kastellskolan.se Hj\u00e4lp oss g\u00e4rna med feedback, det \u00e4r viktigt att det fungerar s\u00e5 bra som m\u00f6jligt s\u00e5 att alla f\u00e5r den hj\u00e4lp de beh\u00f6ver.&nbsp; V\u00e4nliga h\u00e4lsningar Yvonne \u00d6stmanIT-ansvarig<\/p>\n","protected":false},"author":12,"featured_media":8876,"parent":0,"menu_order":0,"comment_status":"closed","ping_status":"closed","template":"","meta":{"jetpack_post_was_ever_published":false,"footnotes":""},"class_list":["post-9415","page","type-page","status-publish","has-post-thumbnail","hentry","latest_post"],"jetpack_sharing_enabled":true,"jetpack_shortlink":"https:\/\/wp.me\/P4pxxI-2rR","_links":{"self":[{"href":"https:\/\/kastellskolan.se\/sida\/wp-json\/wp\/v2\/pages\/9415","targetHints":{"allow":["GET"]}}],"collection":[{"href":"https:\/\/kastellskolan.se\/sida\/wp-json\/wp\/v2\/pages"}],"about":[{"href":"https:\/\/kastellskolan.se\/sida\/wp-json\/wp\/v2\/types\/page"}],"author":[{"embeddable":true,"href":"https:\/\/kastellskolan.se\/sida\/wp-json\/wp\/v2\/users\/12"}],"replies":[{"embeddable":true,"href":"https:\/\/kastellskolan.se\/sida\/wp-json\/wp\/v2\/comments?post=9415"}],"version-history":[{"count":6,"href":"https:\/\/kastellskolan.se\/sida\/wp-json\/wp\/v2\/pages\/9415\/revisions"}],"predecessor-version":[{"id":11870,"href":"https:\/\/kastellskolan.se\/sida\/wp-json\/wp\/v2\/pages\/9415\/revisions\/11870"}],"wp:featuredmedia":[{"embeddable":true,"href":"https:\/\/kastellskolan.se\/sida\/wp-json\/wp\/v2\/media\/8876"}],"wp:attachment":[{"href":"https:\/\/kastellskolan.se\/sida\/wp-json\/wp\/v2\/media?parent=9415"}],"curies":[{"name":"wp","href":"https:\/\/api.w.org\/{rel}","templated":true}]}}