{"id":887,"date":"2016-02-25T09:21:20","date_gmt":"2016-02-25T08:21:20","guid":{"rendered":"http:\/\/kastellskolan.se\/sida\/?page_id=887"},"modified":"2026-01-22T13:29:41","modified_gmt":"2026-01-22T12:29:41","slug":"koanmalan-3","status":"publish","type":"page","link":"https:\/\/kastellskolan.se\/sida\/koanmalan-3\/","title":{"rendered":"K\u00f6anm\u00e4lan"},"content":{"rendered":"<p>Ans\u00f6kan om plats i f\u00f6rskoleklass, grundskola samt f\u00f6rskola. (Vid ans\u00f6kan till f\u00f6rskola v\u00e4lj <em>f\u00f6rskoleklass<\/em> och kryssa i rutan <em>F\u00f6rskola<\/em> l\u00e4ngst ner i spalten <em>ans\u00f6kande<\/em>) <strong><a href=\"https:\/\/www.schoolity.com\/apply\/?school=Kastellskolan\">\u00a0ans\u00f6k h\u00e4r <\/a><\/strong><\/p>\n<p><strong><br \/>\n<\/strong>OBS! <strong>Har ni fler \u00e4n ett barn<\/strong> som ni \u00f6nskar st\u00e4lla i k\u00f6 till Kastellskolan, m\u00e5ste ni g\u00f6ra<strong> en k\u00f6anm\u00e4lan f\u00f6r<\/strong> <strong>varje enskilt barn<\/strong>. En kommentar p\u00e5 ett annat syskons k\u00f6anm\u00e4lan gills inte som en k\u00f6anm\u00e4lan.<\/p>\n<p>V\u00e4nligen fyll i alla uppgifter som systemet \u00f6nskar veta, s\u00e5 som alla kontaktuppgifter till er v\u00e5rdnadshavare, modersm\u00e5l (f\u00f6r ev tolkbest\u00e4llningar och SCB). Fyll g\u00e4rna i \u00f6nskat startdatum f\u00f6r fritids under kommentarer.<\/p>\n<p><strong>ANS\u00d6KAN \u00c4R EJ BINDANDE<\/strong>. Kastellskolan ger besked n\u00e4r det blir en ledig plats, d\u00e4refter best\u00e4mmer ni er f\u00f6r att tacka ja eller nej till platsen.<\/p>\n<p>Vid fr\u00e5gor ang. ans\u00f6kningar till Kastellskolan v\u00e4nligen kontakta:<br \/>\nMarita Holmstr\u00f6m (bitr.rektor\/rektor f\u00f6rskolan)<br \/>\n<a href=\"mailto:marita.holmstrom@kastellskolan.se\">marita.holmstrom@kastellskolan.se<\/a> 070-753 94 19<\/p>\n<h2>K\u00f6regler<\/h2>\n<p>De v\u00e5rdnadshavare som \u00f6nskar att deras barn ska vara inskrivna i Kastellskolans verksamhet st\u00e4ller sitt\/sina barn i Kastellskolans k\u00f6. N\u00e4r Kastellskolan kan erbjuda barnet plats skickas erbjudande om detta ut via post, E-post eller via telefonsamtal. Det \u00e4r v\u00e5rdnadshavare som ansvarar f\u00f6r att Kastellskolan har aktuella adress- och kontaktuppgifter. Ofullst\u00e4ndig ans\u00f6kan kommer inte behandlas.<\/p>\n<p>V\u00e5rdnadshavare tar st\u00e4llning till platserbjudandet genom att tacka ja eller nej inom 14 dagar. Vid uteblivet svar, eller om v\u00e5rdnadshavare v\u00e4ljer att tacka nej till platsen, g\u00e5r erbjudandet vidare till n\u00e4sta s\u00f6kande i k\u00f6n i den \u00e5ldersgruppen.<\/p>\n<p>Om v\u00e5rdnadshavare tackar nej till erbjudande om plats men \u00f6nskar st\u00e5 kvar i k\u00f6n, \u00e5terplaceras de i k\u00f6n utifr\u00e5n det datum de tackade nej till erbjudande om plats. N\u00e4sta platserbjudande g\u00e5r tidigast ut ett \u00e5r senare.<\/p>\n<p>Turordningen i k\u00f6n utg\u00e5r fr\u00e5n det datum som ans\u00f6kan inkommer till Kastellskolan. Ans\u00f6kningar som inkommit samma datum s\u00e4rskiljs genom lottning i de fall d\u00e4r det skulle bli aktuellt.<\/p>\n<h3>F\u00f6rtur<\/h3>\n<ul>\n<li>F\u00f6rtur i k\u00f6n l\u00e4mnas till platss\u00f6kande barn\/elever som har syskon i n\u00e5gon av Kastellskolans verksamheter: f\u00f6rskola, f\u00f6rskoleklass eller grundskola.<\/li>\n<li>F\u00f6rtur i k\u00f6n l\u00e4mnas till barn som g\u00e5r p\u00e5 Kastellskolan F\u00f6rskola och \u00f6nskar forts\u00e4tta i Kastellskolans f\u00f6rskoleklass.<\/li>\n<li>I \u00f6vrigt till\u00e4mpas ingen form av f\u00f6rtur.<\/li>\n<\/ul>\n<p><em>K\u00f6reglerna fastst\u00e4llda av Kastellskolans styrelse 2017-04-05.<\/em><\/p>\n<p><a href=\"https:\/\/i0.wp.com\/kastellskolan.se\/sida\/wp-content\/uploads\/2016\/05\/11401255_10153326694302660_7932068527240349267_n.jpg?ssl=1\"><img data-recalc-dims=\"1\" fetchpriority=\"high\" decoding=\"async\" class=\"aligncenter wp-image-928 size-medium\" src=\"https:\/\/i0.wp.com\/kastellskolan.se\/sida\/wp-content\/uploads\/2016\/05\/11401255_10153326694302660_7932068527240349267_n-e1462350594138-300x280.jpg?resize=300%2C280&#038;ssl=1\" alt=\"11401255_10153326694302660_7932068527240349267_n\" width=\"300\" height=\"280\" \/><\/a><\/p>\n","protected":false},"excerpt":{"rendered":"<p>Ans\u00f6kan om plats i f\u00f6rskoleklass, grundskola samt f\u00f6rskola. (Vid ans\u00f6kan till f\u00f6rskola v\u00e4lj f\u00f6rskoleklass och kryssa i rutan F\u00f6rskola l\u00e4ngst ner i spalten ans\u00f6kande) \u00a0ans\u00f6k h\u00e4r OBS! Har ni fler \u00e4n ett barn som ni \u00f6nskar st\u00e4lla i k\u00f6 till Kastellskolan, m\u00e5ste ni g\u00f6ra en k\u00f6anm\u00e4lan f\u00f6r varje enskilt barn. En kommentar p\u00e5 ett annat &hellip; <\/p>\n","protected":false},"author":12,"featured_media":0,"parent":0,"menu_order":0,"comment_status":"closed","ping_status":"open","template":"","meta":{"jetpack_post_was_ever_published":false,"footnotes":""},"class_list":["post-887","page","type-page","status-publish","hentry","latest_post"],"jetpack_sharing_enabled":true,"jetpack_shortlink":"https:\/\/wp.me\/P4pxxI-ej","_links":{"self":[{"href":"https:\/\/kastellskolan.se\/sida\/wp-json\/wp\/v2\/pages\/887","targetHints":{"allow":["GET"]}}],"collection":[{"href":"https:\/\/kastellskolan.se\/sida\/wp-json\/wp\/v2\/pages"}],"about":[{"href":"https:\/\/kastellskolan.se\/sida\/wp-json\/wp\/v2\/types\/page"}],"author":[{"embeddable":true,"href":"https:\/\/kastellskolan.se\/sida\/wp-json\/wp\/v2\/users\/12"}],"replies":[{"embeddable":true,"href":"https:\/\/kastellskolan.se\/sida\/wp-json\/wp\/v2\/comments?post=887"}],"version-history":[{"count":23,"href":"https:\/\/kastellskolan.se\/sida\/wp-json\/wp\/v2\/pages\/887\/revisions"}],"predecessor-version":[{"id":11850,"href":"https:\/\/kastellskolan.se\/sida\/wp-json\/wp\/v2\/pages\/887\/revisions\/11850"}],"wp:attachment":[{"href":"https:\/\/kastellskolan.se\/sida\/wp-json\/wp\/v2\/media?parent=887"}],"curies":[{"name":"wp","href":"https:\/\/api.w.org\/{rel}","templated":true}]}}