{"id":737,"date":"2015-02-13T12:30:11","date_gmt":"2015-02-13T11:30:11","guid":{"rendered":"http:\/\/kastellskolan.se\/sida\/?page_id=737"},"modified":"2016-09-28T09:30:28","modified_gmt":"2016-09-28T08:30:28","slug":"fragor-och-svar","status":"publish","type":"page","link":"https:\/\/kastellskolan.se\/sida\/fragor-och-svar\/","title":{"rendered":"Fr\u00e5gor och svar"},"content":{"rendered":"<h1>Vanliga fr\u00e5gor<\/h1>\n<p><strong>Vem f\u00e5r g\u00e5 i skolan p\u00e5 Kastellskolan?<\/strong><br \/>\nAlla som har r\u00e4tt att g\u00e5 i skola i Sverige kan s\u00f6ka till skolan.<\/p>\n<p><strong>Hur mycket kostar det att g\u00e5 p\u00e5 skolan?<\/strong><strong><br \/>\n<\/strong>Det kostar inget att g\u00e5 p\u00e5 skolan. Det \u00e4r gratis.<\/p>\n<p>&nbsp;<\/p>\n","protected":false},"excerpt":{"rendered":"<p>Vanliga fr\u00e5gor Vem f\u00e5r g\u00e5 i skolan p\u00e5 Kastellskolan? Alla som har r\u00e4tt att g\u00e5 i skola i Sverige kan s\u00f6ka till skolan. Hur mycket kostar det att g\u00e5 p\u00e5 skolan? Det kostar inget att g\u00e5 p\u00e5 skolan. Det \u00e4r gratis. &nbsp;<\/p>\n","protected":false},"author":12,"featured_media":0,"parent":0,"menu_order":0,"comment_status":"closed","ping_status":"closed","template":"","meta":{"jetpack_post_was_ever_published":false,"footnotes":""},"class_list":["post-737","page","type-page","status-publish","hentry","latest_post"],"jetpack_sharing_enabled":true,"jetpack_shortlink":"https:\/\/wp.me\/P4pxxI-bT","_links":{"self":[{"href":"https:\/\/kastellskolan.se\/sida\/wp-json\/wp\/v2\/pages\/737","targetHints":{"allow":["GET"]}}],"collection":[{"href":"https:\/\/kastellskolan.se\/sida\/wp-json\/wp\/v2\/pages"}],"about":[{"href":"https:\/\/kastellskolan.se\/sida\/wp-json\/wp\/v2\/types\/page"}],"author":[{"embeddable":true,"href":"https:\/\/kastellskolan.se\/sida\/wp-json\/wp\/v2\/users\/12"}],"replies":[{"embeddable":true,"href":"https:\/\/kastellskolan.se\/sida\/wp-json\/wp\/v2\/comments?post=737"}],"version-history":[{"count":2,"href":"https:\/\/kastellskolan.se\/sida\/wp-json\/wp\/v2\/pages\/737\/revisions"}],"predecessor-version":[{"id":976,"href":"https:\/\/kastellskolan.se\/sida\/wp-json\/wp\/v2\/pages\/737\/revisions\/976"}],"wp:attachment":[{"href":"https:\/\/kastellskolan.se\/sida\/wp-json\/wp\/v2\/media?parent=737"}],"curies":[{"name":"wp","href":"https:\/\/api.w.org\/{rel}","templated":true}]}}