{"id":734,"date":"2015-02-13T12:25:05","date_gmt":"2015-02-13T11:25:05","guid":{"rendered":"http:\/\/kastellskolan.se\/sida\/?page_id=734"},"modified":"2025-01-17T08:10:39","modified_gmt":"2025-01-17T07:10:39","slug":"fritids","status":"publish","type":"page","link":"https:\/\/kastellskolan.se\/sida\/fritids\/","title":{"rendered":"Fritids \/ Rastaktivitet"},"content":{"rendered":"<p>Fritidsinformation 2024\/25<\/p>\n<p>Kastellskolans fritidshem \u00e4r \u00f6ppet innan skolan (06.30-08.00) samt efter skoldagens slut och st\u00e4nger 17.15. Vi har i dagsl\u00e4get ca 90 barn inskrivna.<\/p>\n<p><strong>Fritids p\u00e5 morgonen<br \/><\/strong>F\u00f6r de barn som har omsorgsbehov innan skoldagens start erbjuder vi morgonfritids. Morgonfritids \u00f6ppnar klockan 6.30. Vi \u00e4ter frukost kl. 7.00 i matsalen och g\u00e5r sedan ut och \u00e4r ute till skolan ringer in ca 7.50. &nbsp;Om barnen ska \u00e4ta frukost beh\u00f6ver de vara h\u00e4r senast 7.15. Detta f\u00f6r att hinna \u00e4ta i lugn och ro innan skoldagen b\u00f6rjar.<\/p>\n<p><strong>H\u00e4mtning och l\u00e4mning<br \/><\/strong>Det \u00e4r MYCKET viktigt att ni s\u00e4ger till personalen n\u00e4r ni l\u00e4mnar barnen p\u00e5 morgonen och h\u00e4mtar barnen p\u00e5 eftermiddagen. Det \u00e4r ocks\u00e5 mycket viktigt att ni meddelar fritidspersonalen om n\u00e5gon annan \u00e4n v\u00e5rdnadshavare ska h\u00e4mta barnet<\/p>\n<p>OBS! F\u00f6r de barn som inte g\u00e5r till och fr\u00e5n skolan sj\u00e4lva s\u00e5 vill vi g\u00e4rna att ni kommer och m\u00f6ter upp ert barn vid h\u00e4mtning och inte bara h\u00e4mtar vid parkeringen. Vi har sett en \u00f6kning av sms, d\u00e4r vi bli ombedda att skicka barnen. D\u00e5 det numera \u00e4r m\u00e5nga s\u00e5 har vi sv\u00e5rt att g\u00f6ra s\u00e5. Dessutom \u00e4r det alltid trevligt att f\u00e5 heja p\u00e5 er!<\/p>\n<p><strong>Kl\u00e4der<br \/><\/strong>M\u00e4rk barnens kl\u00e4der med namn, det g\u00f6r det l\u00e4ttare f\u00f6r oss ifall vi hittar kl\u00e4der. Vi f\u00f6rv\u00e4ntar oss att alla barn har kl\u00e4der f\u00f6r alla v\u00e4der. Vi bygger mycket av v\u00e5r verksamhet p\u00e5 utevistelse men anv\u00e4nder dagligen skolans praktiska lokaler som tex idrottshall.<\/p>\n<p><strong>Vistelsetider<br \/><\/strong>Du som v\u00e5rdnadshavare SKALL anm\u00e4la barnets vistelsetider via Schoolity<br \/>(<a href=\"https:\/\/kastellskolan.se\/sida\/2020\/01\/20\/fritidstider\/\">se l\u00e4nk med bilder\/f\u00f6rklaringar<\/a>).<\/p>\n<p>Har du problem med att l\u00e4gga in tider, kontakta v\u00e5r expedition p\u00e5 expedition@kastellskolan.se. Det \u00e4r viktigt att alla f\u00e5r systemet att fungera d\u00e5 vi enbart sk\u00f6ter n\u00e4rvaron via detta system.<\/p>\n<p>H\u00e4r finns en kort film som visar hur du l\u00e4gger in tider i Schoolity<br \/>(<a href=\"https:\/\/kastellskolan.se\/sida\/2020\/01\/20\/fritidstider\/\">se bild nedan<\/a>).&nbsp;<\/p>\n<p><strong>Verksamhet<\/strong><\/p>\n<p>I \u00e5r har vi 2 fritidsavdelningar.<\/p>\n<p>F-1 kommer att vara tillsammans och ha sin hemvist i f\u00f6rskoelklass\/fritidslokalen i CD-huset. Hadar, Nafeaa Christine och Abbe ansvarar.<\/p>\n<p>\u00c5k 2-6 \u00e4r tillsammans och har sin hemvist i gamla biblioteket i AB-huset. Henrik, Annica och Isa ansvarar.&nbsp;<\/p>\n<p>I \u00f6vrigt kommer vi ocks\u00e5 ha en utepedagog: Lars<\/p>\n<p>Efter skoldagens slut serveras mellanm\u00e5l och alla barn har en stunds utevistelse. Mellan 15.00-16.00 har vi v\u00e5r aktivitetstid med planerade, vuxenledda aktiviteter. Verksamhetens inneh\u00e5ll bygger p\u00e5 fritidshemmets centrala inneh\u00e5ll som regleras i l\u00e4roplanen f\u00f6r grundskola och fritidshem.<\/p>\n<p>Fritidshemmets \u00f6vergripande syfte \u00e4r att stimulera elevernas utveckling och l\u00e4rande, erbjuda dem en meningsfull fritid, fr\u00e4mja allsidiga kontakter och social gemenskap.<\/p>\n<p><strong>Kontaktuppgifter Fritids<\/strong><\/p>\n<p>Telefonnummer: 070-550 83 51 (bemannad fr\u00e5n ca 12.00)<\/p>\n<p>Mejladress: Fritids@kastellskolan.se<\/p>\n<p><strong>Den personal som arbetar p\u00e5 fritidshemmet f\u00f6r n\u00e4rvarande \u00e4r:&nbsp;<\/strong><\/p>\n<figure class=\"wp-block-table\">\n<table>\n<tbody>\n<tr>\n<td><strong>Personal<\/strong><\/td>\n<td><strong>Roll<\/strong><\/td>\n<td><strong>Huvudsakligt ansvar<\/strong><\/td>\n<td><strong>Avdelning<\/strong><\/td>\n<td><strong>\u00d6vrig info<\/strong><\/td>\n<\/tr>\n<tr>\n<td>Annica M\u00f6lk<\/td>\n<td>Fritidspedagog<\/td>\n<td>Arbetslagsledare<\/td>\n<td>2-6<\/td>\n<td><\/td>\n<\/tr>\n<tr>\n<td>Hanna Lundin<\/td>\n<td>Fritidspedagog<\/td>\n<td>Morgonfritids<\/td>\n<td>F-1<\/td>\n<td>\u00a0<\/td>\n<\/tr>\n<tr>\n<td>Henrik Josefsson<\/td>\n<td>Fritidspedagog<\/td>\n<td>&nbsp;<\/td>\n<td>2-6<\/td>\n<td>&nbsp;<\/td>\n<\/tr>\n<tr>\n<td>Lars \u00c5s\u00e9n<\/td>\n<td>Fritidspedagog<\/td>\n<td>St\u00e4ngning<\/td>\n<td>F-6<\/td>\n<td>&nbsp;<\/td>\n<\/tr>\n<tr>\n<td>Douglas Lundqvist<\/td>\n<td>Resurs<\/td>\n<td>Morgonfritids<\/td>\n<td><\/td>\n<td><\/td>\n<\/tr>\n<tr>\n<td>Isa Holmberg<\/td>\n<td>Resurs<\/td>\n<td>Morgonfritids<\/td>\n<td>2-6<\/td>\n<td><\/td>\n<\/tr>\n<tr>\n<td>Nafeaa Almohammad<\/td>\n<td>Resurs<\/td>\n<td>Morgonfritids<\/td>\n<td>F-1<\/td>\n<td><\/td>\n<\/tr>\n<tr>\n<td>Dianelys Tekle Coto<\/td>\n<td>F\u00f6rskoll\u00e4rare<\/td>\n<td>Morgonfritids<\/td>\n<td>F-1<\/td>\n<td>&nbsp;<\/td>\n<\/tr>\n<tr>\n<td>David Br\u00e4nnstr\u00f6m<\/td>\n<td>Resurs<\/td>\n<td>&nbsp;<\/td>\n<td>&nbsp;<\/td>\n<td>&nbsp;<\/td>\n<\/tr>\n<tr>\n<td>Jared Munter Wrour<\/td>\n<td>Resurs<\/td>\n<td><\/td>\n<td>2-6<\/td>\n<td>&nbsp;<\/td>\n<\/tr>\n<tr>\n<td>Abbe Elsayid<\/td>\n<td>Resurs <\/td>\n<td><\/td>\n<td>&nbsp;<\/td>\n<td>\u00a050%<\/td>\n<\/tr>\n<tr>\n<td>Sara Jafari<\/td>\n<td>Resurs<\/td>\n<td>&nbsp;<\/td>\n<td><\/td>\n<td><\/td>\n<\/tr>\n<tr>\n<td>Moa Bostr\u00f6m<\/td>\n<td>Resurs<\/td>\n<td>&nbsp;<\/td>\n<td>&nbsp;<\/td>\n<td><\/td>\n<\/tr>\n<\/tbody>\n<\/table>\n<\/figure>\n<div class=\"page\" title=\"Page 1\">\n<div class=\"section\">\n<div class=\"layoutArea\">\n<div class=\"column\">\u00a0<\/div>\n<\/div>\n<\/div>\n<\/div>\n<div class=\"page\" title=\"Page 1\">\n<div class=\"section\">\n<div class=\"layoutArea\">\n<div class=\"column\">\u00a0<\/div>\n<div class=\"page\" title=\"Page 2\">\n<div class=\"section\">\n<div class=\"layoutArea\">\n<div class=\"column\">\u00a0<\/div>\n<\/div>\n<\/div>\n<\/div>\n<\/div>\n<\/div>\n<\/div>\n","protected":false},"excerpt":{"rendered":"<p>Fritidsinformation 2024\/25 Kastellskolans fritidshem \u00e4r \u00f6ppet innan skolan (06.30-08.00) samt efter skoldagens slut och st\u00e4nger 17.15. Vi har i dagsl\u00e4get ca 90 barn inskrivna. Fritids p\u00e5 morgonenF\u00f6r de barn som har omsorgsbehov innan skoldagens start erbjuder vi morgonfritids. Morgonfritids \u00f6ppnar klockan 6.30. Vi \u00e4ter frukost kl. 7.00 i matsalen och g\u00e5r sedan ut och \u00e4r &hellip; <\/p>\n","protected":false},"author":12,"featured_media":0,"parent":0,"menu_order":0,"comment_status":"closed","ping_status":"closed","template":"","meta":{"jetpack_post_was_ever_published":false,"footnotes":""},"class_list":["post-734","page","type-page","status-publish","hentry","latest_post"],"jetpack_sharing_enabled":true,"jetpack_shortlink":"https:\/\/wp.me\/P4pxxI-bQ","_links":{"self":[{"href":"https:\/\/kastellskolan.se\/sida\/wp-json\/wp\/v2\/pages\/734","targetHints":{"allow":["GET"]}}],"collection":[{"href":"https:\/\/kastellskolan.se\/sida\/wp-json\/wp\/v2\/pages"}],"about":[{"href":"https:\/\/kastellskolan.se\/sida\/wp-json\/wp\/v2\/types\/page"}],"author":[{"embeddable":true,"href":"https:\/\/kastellskolan.se\/sida\/wp-json\/wp\/v2\/users\/12"}],"replies":[{"embeddable":true,"href":"https:\/\/kastellskolan.se\/sida\/wp-json\/wp\/v2\/comments?post=734"}],"version-history":[{"count":106,"href":"https:\/\/kastellskolan.se\/sida\/wp-json\/wp\/v2\/pages\/734\/revisions"}],"predecessor-version":[{"id":11453,"href":"https:\/\/kastellskolan.se\/sida\/wp-json\/wp\/v2\/pages\/734\/revisions\/11453"}],"wp:attachment":[{"href":"https:\/\/kastellskolan.se\/sida\/wp-json\/wp\/v2\/media?parent=734"}],"curies":[{"name":"wp","href":"https:\/\/api.w.org\/{rel}","templated":true}]}}