{"id":730,"date":"2015-02-13T12:18:07","date_gmt":"2015-02-13T11:18:07","guid":{"rendered":"http:\/\/kastellskolan.se\/sida\/?page_id=730"},"modified":"2026-01-30T09:28:04","modified_gmt":"2026-01-30T08:28:04","slug":"borggarden","status":"publish","type":"page","link":"https:\/\/kastellskolan.se\/sida\/borggarden\/","title":{"rendered":"Kastellskolan F\u00f6rskola"},"content":{"rendered":"<p><strong>F\u00f6rskolan\u00a0\u2013 grunden f\u00f6r barnets livsl\u00e5nga l\u00e4rande:<\/strong><\/p>\n<p>\u2022 En frist\u00e5ende f\u00f6rskola f\u00f6r barn i \u00e5ldrarna 1-5 \u00e5r.<\/p>\n<p>\u2022 Med barnet i fokus: H\u00e4r och nu vill vi utforska v\u00e4rlden tillsammans med ditt barn. Det \u00e4r med stor gl\u00e4dje vi antar utmaningen att ge ditt barn de allra b\u00e4sta f\u00f6ruts\u00e4ttningar och stimulera honom eller henne till att utvecklas och l\u00e4ra sig nya saker. Vi ser det som en stor f\u00f6rm\u00e5n att f\u00e5 vara en del i den utveckling som sker under den tid i livet n\u00e4r hj\u00e4rnans utveckling fullkomligt exploderar och barnet \u00e4r som mest mottagligt f\u00f6r stimulans.<\/p>\n<p>\u2022V\u00e5ra lokaler ger oss goda f\u00f6ruts\u00e4ttningar att utnyttja dem p\u00e5 varierande s\u00e4tt och vi har en stor g\u00e5rd som inbjuder till \u00e4ventyrliga lekar s\u00e5v\u00e4l sommar som vinter.<\/p>\n<p><a href=\"https:\/\/i0.wp.com\/kastellskolan.se\/sida\/wp-content\/uploads\/2022\/08\/forskolans-nya-gard-scaled.jpg?ssl=1\"><img data-recalc-dims=\"1\" fetchpriority=\"high\" decoding=\"async\" class=\"alignnone size-medium wp-image-10372\" src=\"https:\/\/i0.wp.com\/kastellskolan.se\/sida\/wp-content\/uploads\/2022\/08\/forskolans-nya-gard.jpg?resize=300%2C225&#038;ssl=1\" alt=\"\" width=\"300\" height=\"225\" srcset=\"https:\/\/i0.wp.com\/kastellskolan.se\/sida\/wp-content\/uploads\/2022\/08\/forskolans-nya-gard-scaled.jpg?resize=300%2C225&amp;ssl=1 300w, https:\/\/i0.wp.com\/kastellskolan.se\/sida\/wp-content\/uploads\/2022\/08\/forskolans-nya-gard-scaled.jpg?resize=1024%2C768&amp;ssl=1 1024w, https:\/\/i0.wp.com\/kastellskolan.se\/sida\/wp-content\/uploads\/2022\/08\/forskolans-nya-gard-scaled.jpg?resize=768%2C576&amp;ssl=1 768w, https:\/\/i0.wp.com\/kastellskolan.se\/sida\/wp-content\/uploads\/2022\/08\/forskolans-nya-gard-scaled.jpg?resize=1536%2C1152&amp;ssl=1 1536w, https:\/\/i0.wp.com\/kastellskolan.se\/sida\/wp-content\/uploads\/2022\/08\/forskolans-nya-gard-scaled.jpg?resize=2048%2C1536&amp;ssl=1 2048w, https:\/\/i0.wp.com\/kastellskolan.se\/sida\/wp-content\/uploads\/2022\/08\/forskolans-nya-gard-scaled.jpg?resize=80%2C60&amp;ssl=1 80w, https:\/\/i0.wp.com\/kastellskolan.se\/sida\/wp-content\/uploads\/2022\/08\/forskolans-nya-gard-scaled.jpg?resize=600%2C450&amp;ssl=1 600w, https:\/\/i0.wp.com\/kastellskolan.se\/sida\/wp-content\/uploads\/2022\/08\/forskolans-nya-gard-scaled.jpg?w=1620&amp;ssl=1 1620w, https:\/\/i0.wp.com\/kastellskolan.se\/sida\/wp-content\/uploads\/2022\/08\/forskolans-nya-gard-scaled.jpg?w=2430&amp;ssl=1 2430w\" sizes=\"(max-width: 300px) 100vw, 300px\" \/><\/a> <a href=\"https:\/\/i0.wp.com\/kastellskolan.se\/sida\/wp-content\/uploads\/2022\/08\/garden-2-scaled.jpg?ssl=1\"><img data-recalc-dims=\"1\" decoding=\"async\" class=\"alignnone size-medium wp-image-10374\" src=\"https:\/\/i0.wp.com\/kastellskolan.se\/sida\/wp-content\/uploads\/2022\/08\/garden-2.jpg?resize=300%2C225&#038;ssl=1\" alt=\"\" width=\"300\" height=\"225\" srcset=\"https:\/\/i0.wp.com\/kastellskolan.se\/sida\/wp-content\/uploads\/2022\/08\/garden-2-scaled.jpg?resize=300%2C225&amp;ssl=1 300w, https:\/\/i0.wp.com\/kastellskolan.se\/sida\/wp-content\/uploads\/2022\/08\/garden-2-scaled.jpg?resize=1024%2C768&amp;ssl=1 1024w, https:\/\/i0.wp.com\/kastellskolan.se\/sida\/wp-content\/uploads\/2022\/08\/garden-2-scaled.jpg?resize=768%2C576&amp;ssl=1 768w, https:\/\/i0.wp.com\/kastellskolan.se\/sida\/wp-content\/uploads\/2022\/08\/garden-2-scaled.jpg?resize=1536%2C1152&amp;ssl=1 1536w, https:\/\/i0.wp.com\/kastellskolan.se\/sida\/wp-content\/uploads\/2022\/08\/garden-2-scaled.jpg?resize=2048%2C1536&amp;ssl=1 2048w, https:\/\/i0.wp.com\/kastellskolan.se\/sida\/wp-content\/uploads\/2022\/08\/garden-2-scaled.jpg?resize=80%2C60&amp;ssl=1 80w, https:\/\/i0.wp.com\/kastellskolan.se\/sida\/wp-content\/uploads\/2022\/08\/garden-2-scaled.jpg?resize=600%2C450&amp;ssl=1 600w, https:\/\/i0.wp.com\/kastellskolan.se\/sida\/wp-content\/uploads\/2022\/08\/garden-2-scaled.jpg?w=1620&amp;ssl=1 1620w, https:\/\/i0.wp.com\/kastellskolan.se\/sida\/wp-content\/uploads\/2022\/08\/garden-2-scaled.jpg?w=2430&amp;ssl=1 2430w\" sizes=\"(max-width: 300px) 100vw, 300px\" \/><\/a>\u00a0 \u00a0 \u00a0 \u00a0\u00a0\u00a0 \u00a0\u00a0<\/p>\n<p>V\u00e5rt l\u00e4ge g\u00f6r ocks\u00e5 att vi har n\u00e4ra till att g\u00f6ra utflykter och studiebes\u00f6k av olika slag.<\/p>\n<p>\u2022Ett n\u00e4ra samarbete med skolan och fritids \u00e4r viktigt f\u00f6r oss och f\u00f6r ert barn. F\u00f6r fem\u00e5ringarna erbjuds under v\u00e5rterminen samarbete med f\u00f6rskoleklassen. Det g\u00f6r att barnen f\u00e5r en smidig \u00f6verg\u00e5ng till f\u00f6rskoleklassen och att de \u00e4r v\u00e4l f\u00f6rberedda vad g\u00e4ller begrepp, erfarenheter och kunskap inf\u00f6r sin skolstart. Samarbetet med fritids m\u00e4rks fr\u00e4mst under sommarlovet och andra lov, men \u00e4ven vid \u00e5terkommande traditioner som lilla vasaloppet och andra aktiviteter.\u00a0<\/p>\n<p>\u2022Ordinarie \u00f6ppettider \u00e4r 6.30 \u2013 17.00<\/p>\n<p>Intresserad av en plats hos oss?<\/p>\n<p>Har du fr\u00e5gor eller vill se hur vi har det? Ring 0611-550351 och boka tid f\u00f6r ett bes\u00f6k.<\/p>\n<p>F\u00f6r att st\u00e4lla ditt barn i k\u00f6; klicka<a href=\"https:\/\/kastellskolan.se\/sida\/koanmalan-3\/\"> h\u00e4r<\/a>.<\/p>\n<p><strong>F\u00f6rskolans personal<\/strong><\/p>\n<p><a href=\"https:\/\/i0.wp.com\/kastellskolan.se\/sida\/wp-content\/uploads\/2023\/12\/Coto-Gonzalez_Yanely-kopia-scaled.jpeg?ssl=1\"><img data-recalc-dims=\"1\" decoding=\"async\" class=\"alignnone  wp-image-11234\" src=\"https:\/\/i0.wp.com\/kastellskolan.se\/sida\/wp-content\/uploads\/2023\/12\/Coto-Gonzalez_Yanely-kopia.jpeg?resize=105%2C158&#038;ssl=1\" alt=\"\" width=\"105\" height=\"158\" srcset=\"https:\/\/i0.wp.com\/kastellskolan.se\/sida\/wp-content\/uploads\/2023\/12\/Coto-Gonzalez_Yanely-kopia-scaled.jpeg?resize=200%2C300&amp;ssl=1 200w, https:\/\/i0.wp.com\/kastellskolan.se\/sida\/wp-content\/uploads\/2023\/12\/Coto-Gonzalez_Yanely-kopia-scaled.jpeg?resize=683%2C1024&amp;ssl=1 683w, https:\/\/i0.wp.com\/kastellskolan.se\/sida\/wp-content\/uploads\/2023\/12\/Coto-Gonzalez_Yanely-kopia-scaled.jpeg?resize=768%2C1152&amp;ssl=1 768w, https:\/\/i0.wp.com\/kastellskolan.se\/sida\/wp-content\/uploads\/2023\/12\/Coto-Gonzalez_Yanely-kopia-scaled.jpeg?resize=1024%2C1536&amp;ssl=1 1024w, https:\/\/i0.wp.com\/kastellskolan.se\/sida\/wp-content\/uploads\/2023\/12\/Coto-Gonzalez_Yanely-kopia-scaled.jpeg?resize=1365%2C2048&amp;ssl=1 1365w, https:\/\/i0.wp.com\/kastellskolan.se\/sida\/wp-content\/uploads\/2023\/12\/Coto-Gonzalez_Yanely-kopia-scaled.jpeg?resize=40%2C60&amp;ssl=1 40w, https:\/\/i0.wp.com\/kastellskolan.se\/sida\/wp-content\/uploads\/2023\/12\/Coto-Gonzalez_Yanely-kopia-scaled.jpeg?resize=600%2C900&amp;ssl=1 600w, https:\/\/i0.wp.com\/kastellskolan.se\/sida\/wp-content\/uploads\/2023\/12\/Coto-Gonzalez_Yanely-kopia-scaled.jpeg?w=1707&amp;ssl=1 1707w, https:\/\/i0.wp.com\/kastellskolan.se\/sida\/wp-content\/uploads\/2023\/12\/Coto-Gonzalez_Yanely-kopia-scaled.jpeg?w=1620&amp;ssl=1 1620w\" sizes=\"(max-width: 105px) 100vw, 105px\" \/><\/a><\/p>\n<p>Yanely Coto Gonzalez, <em>barnsk\u00f6tare<\/em><\/p>\n<p><a href=\"https:\/\/i0.wp.com\/kastellskolan.se\/sida\/wp-content\/uploads\/2023\/12\/Svensson_Magdalena-kopia-scaled.jpeg?ssl=1\"><img data-recalc-dims=\"1\" loading=\"lazy\" decoding=\"async\" class=\"alignnone  wp-image-11236\" src=\"https:\/\/i0.wp.com\/kastellskolan.se\/sida\/wp-content\/uploads\/2023\/12\/Svensson_Magdalena-kopia.jpeg?resize=109%2C164&#038;ssl=1\" alt=\"\" width=\"109\" height=\"164\" srcset=\"https:\/\/i0.wp.com\/kastellskolan.se\/sida\/wp-content\/uploads\/2023\/12\/Svensson_Magdalena-kopia-scaled.jpeg?resize=200%2C300&amp;ssl=1 200w, https:\/\/i0.wp.com\/kastellskolan.se\/sida\/wp-content\/uploads\/2023\/12\/Svensson_Magdalena-kopia-scaled.jpeg?resize=683%2C1024&amp;ssl=1 683w, https:\/\/i0.wp.com\/kastellskolan.se\/sida\/wp-content\/uploads\/2023\/12\/Svensson_Magdalena-kopia-scaled.jpeg?resize=768%2C1152&amp;ssl=1 768w, https:\/\/i0.wp.com\/kastellskolan.se\/sida\/wp-content\/uploads\/2023\/12\/Svensson_Magdalena-kopia-scaled.jpeg?resize=1024%2C1536&amp;ssl=1 1024w, https:\/\/i0.wp.com\/kastellskolan.se\/sida\/wp-content\/uploads\/2023\/12\/Svensson_Magdalena-kopia-scaled.jpeg?resize=1365%2C2048&amp;ssl=1 1365w, https:\/\/i0.wp.com\/kastellskolan.se\/sida\/wp-content\/uploads\/2023\/12\/Svensson_Magdalena-kopia-scaled.jpeg?resize=40%2C60&amp;ssl=1 40w, https:\/\/i0.wp.com\/kastellskolan.se\/sida\/wp-content\/uploads\/2023\/12\/Svensson_Magdalena-kopia-scaled.jpeg?resize=600%2C900&amp;ssl=1 600w, https:\/\/i0.wp.com\/kastellskolan.se\/sida\/wp-content\/uploads\/2023\/12\/Svensson_Magdalena-kopia-scaled.jpeg?w=1707&amp;ssl=1 1707w, https:\/\/i0.wp.com\/kastellskolan.se\/sida\/wp-content\/uploads\/2023\/12\/Svensson_Magdalena-kopia-scaled.jpeg?w=1620&amp;ssl=1 1620w\" sizes=\"(max-width: 109px) 100vw, 109px\" \/><\/a><\/p>\n<p>Magdalena Svensson, <em>f\u00f6rskoll\u00e4rare\/arbetslagsledare<\/em><\/p>\n<p><a href=\"https:\/\/i0.wp.com\/kastellskolan.se\/sida\/wp-content\/uploads\/2023\/12\/Sukkar_Sali-kopia-scaled.jpeg?ssl=1\"><img data-recalc-dims=\"1\" loading=\"lazy\" decoding=\"async\" class=\"alignnone  wp-image-11237\" src=\"https:\/\/i0.wp.com\/kastellskolan.se\/sida\/wp-content\/uploads\/2023\/12\/Sukkar_Sali-kopia.jpeg?resize=107%2C161&#038;ssl=1\" alt=\"\" width=\"107\" height=\"161\" srcset=\"https:\/\/i0.wp.com\/kastellskolan.se\/sida\/wp-content\/uploads\/2023\/12\/Sukkar_Sali-kopia-scaled.jpeg?resize=200%2C300&amp;ssl=1 200w, https:\/\/i0.wp.com\/kastellskolan.se\/sida\/wp-content\/uploads\/2023\/12\/Sukkar_Sali-kopia-scaled.jpeg?resize=683%2C1024&amp;ssl=1 683w, https:\/\/i0.wp.com\/kastellskolan.se\/sida\/wp-content\/uploads\/2023\/12\/Sukkar_Sali-kopia-scaled.jpeg?resize=768%2C1152&amp;ssl=1 768w, https:\/\/i0.wp.com\/kastellskolan.se\/sida\/wp-content\/uploads\/2023\/12\/Sukkar_Sali-kopia-scaled.jpeg?resize=1024%2C1536&amp;ssl=1 1024w, https:\/\/i0.wp.com\/kastellskolan.se\/sida\/wp-content\/uploads\/2023\/12\/Sukkar_Sali-kopia-scaled.jpeg?resize=1365%2C2048&amp;ssl=1 1365w, https:\/\/i0.wp.com\/kastellskolan.se\/sida\/wp-content\/uploads\/2023\/12\/Sukkar_Sali-kopia-scaled.jpeg?resize=40%2C60&amp;ssl=1 40w, https:\/\/i0.wp.com\/kastellskolan.se\/sida\/wp-content\/uploads\/2023\/12\/Sukkar_Sali-kopia-scaled.jpeg?resize=600%2C900&amp;ssl=1 600w, https:\/\/i0.wp.com\/kastellskolan.se\/sida\/wp-content\/uploads\/2023\/12\/Sukkar_Sali-kopia-scaled.jpeg?w=1707&amp;ssl=1 1707w, https:\/\/i0.wp.com\/kastellskolan.se\/sida\/wp-content\/uploads\/2023\/12\/Sukkar_Sali-kopia-scaled.jpeg?w=1620&amp;ssl=1 1620w\" sizes=\"(max-width: 107px) 100vw, 107px\" \/><\/a><\/p>\n<p>Sali Sukkar, <em>barnsk\u00f6tare<\/em><\/p>\n<p><a href=\"https:\/\/i0.wp.com\/kastellskolan.se\/sida\/wp-content\/uploads\/2023\/12\/Soderlind_Helen-kopia-scaled.jpeg?ssl=1\"><img data-recalc-dims=\"1\" loading=\"lazy\" decoding=\"async\" class=\"alignnone  wp-image-11239\" src=\"https:\/\/i0.wp.com\/kastellskolan.se\/sida\/wp-content\/uploads\/2023\/12\/Soderlind_Helen-kopia.jpeg?resize=107%2C161&#038;ssl=1\" alt=\"\" width=\"107\" height=\"161\" srcset=\"https:\/\/i0.wp.com\/kastellskolan.se\/sida\/wp-content\/uploads\/2023\/12\/Soderlind_Helen-kopia-scaled.jpeg?resize=200%2C300&amp;ssl=1 200w, https:\/\/i0.wp.com\/kastellskolan.se\/sida\/wp-content\/uploads\/2023\/12\/Soderlind_Helen-kopia-scaled.jpeg?resize=683%2C1024&amp;ssl=1 683w, https:\/\/i0.wp.com\/kastellskolan.se\/sida\/wp-content\/uploads\/2023\/12\/Soderlind_Helen-kopia-scaled.jpeg?resize=768%2C1152&amp;ssl=1 768w, https:\/\/i0.wp.com\/kastellskolan.se\/sida\/wp-content\/uploads\/2023\/12\/Soderlind_Helen-kopia-scaled.jpeg?resize=1024%2C1536&amp;ssl=1 1024w, https:\/\/i0.wp.com\/kastellskolan.se\/sida\/wp-content\/uploads\/2023\/12\/Soderlind_Helen-kopia-scaled.jpeg?resize=1365%2C2048&amp;ssl=1 1365w, https:\/\/i0.wp.com\/kastellskolan.se\/sida\/wp-content\/uploads\/2023\/12\/Soderlind_Helen-kopia-scaled.jpeg?resize=40%2C60&amp;ssl=1 40w, https:\/\/i0.wp.com\/kastellskolan.se\/sida\/wp-content\/uploads\/2023\/12\/Soderlind_Helen-kopia-scaled.jpeg?resize=600%2C900&amp;ssl=1 600w, https:\/\/i0.wp.com\/kastellskolan.se\/sida\/wp-content\/uploads\/2023\/12\/Soderlind_Helen-kopia-scaled.jpeg?w=1707&amp;ssl=1 1707w, https:\/\/i0.wp.com\/kastellskolan.se\/sida\/wp-content\/uploads\/2023\/12\/Soderlind_Helen-kopia-scaled.jpeg?w=1620&amp;ssl=1 1620w\" sizes=\"(max-width: 107px) 100vw, 107px\" \/><\/a><\/p>\n<p>Helen S\u00f6derlind, <em>barnsk\u00f6tare<\/em><\/p>\n<p><a href=\"https:\/\/i0.wp.com\/kastellskolan.se\/sida\/wp-content\/uploads\/2023\/12\/Ruthstrom_Karin-kopia-scaled.jpeg?ssl=1\"><img data-recalc-dims=\"1\" loading=\"lazy\" decoding=\"async\" class=\"alignnone  wp-image-11240\" src=\"https:\/\/i0.wp.com\/kastellskolan.se\/sida\/wp-content\/uploads\/2023\/12\/Ruthstrom_Karin-kopia.jpeg?resize=105%2C158&#038;ssl=1\" alt=\"\" width=\"105\" height=\"158\" srcset=\"https:\/\/i0.wp.com\/kastellskolan.se\/sida\/wp-content\/uploads\/2023\/12\/Ruthstrom_Karin-kopia-scaled.jpeg?resize=200%2C300&amp;ssl=1 200w, https:\/\/i0.wp.com\/kastellskolan.se\/sida\/wp-content\/uploads\/2023\/12\/Ruthstrom_Karin-kopia-scaled.jpeg?resize=683%2C1024&amp;ssl=1 683w, https:\/\/i0.wp.com\/kastellskolan.se\/sida\/wp-content\/uploads\/2023\/12\/Ruthstrom_Karin-kopia-scaled.jpeg?resize=768%2C1152&amp;ssl=1 768w, https:\/\/i0.wp.com\/kastellskolan.se\/sida\/wp-content\/uploads\/2023\/12\/Ruthstrom_Karin-kopia-scaled.jpeg?resize=1024%2C1536&amp;ssl=1 1024w, https:\/\/i0.wp.com\/kastellskolan.se\/sida\/wp-content\/uploads\/2023\/12\/Ruthstrom_Karin-kopia-scaled.jpeg?resize=1365%2C2048&amp;ssl=1 1365w, https:\/\/i0.wp.com\/kastellskolan.se\/sida\/wp-content\/uploads\/2023\/12\/Ruthstrom_Karin-kopia-scaled.jpeg?resize=40%2C60&amp;ssl=1 40w, https:\/\/i0.wp.com\/kastellskolan.se\/sida\/wp-content\/uploads\/2023\/12\/Ruthstrom_Karin-kopia-scaled.jpeg?resize=600%2C900&amp;ssl=1 600w, https:\/\/i0.wp.com\/kastellskolan.se\/sida\/wp-content\/uploads\/2023\/12\/Ruthstrom_Karin-kopia-scaled.jpeg?w=1707&amp;ssl=1 1707w, https:\/\/i0.wp.com\/kastellskolan.se\/sida\/wp-content\/uploads\/2023\/12\/Ruthstrom_Karin-kopia-scaled.jpeg?w=1620&amp;ssl=1 1620w\" sizes=\"(max-width: 105px) 100vw, 105px\" \/><\/a><\/p>\n<p>Karin Ruthstr\u00f6m, <em>f\u00f6rskoll\u00e4rare\u00a0<\/em><\/p>\n<p><a href=\"https:\/\/i0.wp.com\/kastellskolan.se\/sida\/wp-content\/uploads\/2023\/12\/Runeke_Matilda-kopia-scaled.jpeg?ssl=1\"><img data-recalc-dims=\"1\" loading=\"lazy\" decoding=\"async\" class=\"alignnone  wp-image-11242\" src=\"https:\/\/i0.wp.com\/kastellskolan.se\/sida\/wp-content\/uploads\/2023\/12\/Runeke_Matilda-kopia.jpeg?resize=104%2C156&#038;ssl=1\" alt=\"\" width=\"104\" height=\"156\" srcset=\"https:\/\/i0.wp.com\/kastellskolan.se\/sida\/wp-content\/uploads\/2023\/12\/Runeke_Matilda-kopia-scaled.jpeg?resize=200%2C300&amp;ssl=1 200w, https:\/\/i0.wp.com\/kastellskolan.se\/sida\/wp-content\/uploads\/2023\/12\/Runeke_Matilda-kopia-scaled.jpeg?resize=683%2C1024&amp;ssl=1 683w, https:\/\/i0.wp.com\/kastellskolan.se\/sida\/wp-content\/uploads\/2023\/12\/Runeke_Matilda-kopia-scaled.jpeg?resize=768%2C1152&amp;ssl=1 768w, https:\/\/i0.wp.com\/kastellskolan.se\/sida\/wp-content\/uploads\/2023\/12\/Runeke_Matilda-kopia-scaled.jpeg?resize=1024%2C1536&amp;ssl=1 1024w, https:\/\/i0.wp.com\/kastellskolan.se\/sida\/wp-content\/uploads\/2023\/12\/Runeke_Matilda-kopia-scaled.jpeg?resize=1365%2C2048&amp;ssl=1 1365w, https:\/\/i0.wp.com\/kastellskolan.se\/sida\/wp-content\/uploads\/2023\/12\/Runeke_Matilda-kopia-scaled.jpeg?resize=40%2C60&amp;ssl=1 40w, https:\/\/i0.wp.com\/kastellskolan.se\/sida\/wp-content\/uploads\/2023\/12\/Runeke_Matilda-kopia-scaled.jpeg?resize=600%2C900&amp;ssl=1 600w, https:\/\/i0.wp.com\/kastellskolan.se\/sida\/wp-content\/uploads\/2023\/12\/Runeke_Matilda-kopia-scaled.jpeg?w=1707&amp;ssl=1 1707w, https:\/\/i0.wp.com\/kastellskolan.se\/sida\/wp-content\/uploads\/2023\/12\/Runeke_Matilda-kopia-scaled.jpeg?w=1620&amp;ssl=1 1620w\" sizes=\"(max-width: 104px) 100vw, 104px\" \/><\/a><\/p>\n<p>Matilda Runeke, <em>f\u00f6rskoll\u00e4rare<\/em><\/p>\n<p><a href=\"https:\/\/i0.wp.com\/kastellskolan.se\/sida\/wp-content\/uploads\/2025\/01\/image-1.png?ssl=1\"><img data-recalc-dims=\"1\" loading=\"lazy\" decoding=\"async\" class=\"alignnone  wp-image-11463\" src=\"https:\/\/i0.wp.com\/kastellskolan.se\/sida\/wp-content\/uploads\/2025\/01\/image-1.png?resize=106%2C163&#038;ssl=1\" alt=\"Sofie Eriksson, f\u00f6rskoll\u00e4rare, Kastellskolan\" width=\"106\" height=\"163\" srcset=\"https:\/\/i0.wp.com\/kastellskolan.se\/sida\/wp-content\/uploads\/2025\/01\/image-1.png?resize=195%2C300&amp;ssl=1 195w, https:\/\/i0.wp.com\/kastellskolan.se\/sida\/wp-content\/uploads\/2025\/01\/image-1.png?resize=666%2C1024&amp;ssl=1 666w, https:\/\/i0.wp.com\/kastellskolan.se\/sida\/wp-content\/uploads\/2025\/01\/image-1.png?resize=768%2C1181&amp;ssl=1 768w, https:\/\/i0.wp.com\/kastellskolan.se\/sida\/wp-content\/uploads\/2025\/01\/image-1.png?resize=999%2C1536&amp;ssl=1 999w, https:\/\/i0.wp.com\/kastellskolan.se\/sida\/wp-content\/uploads\/2025\/01\/image-1.png?resize=1331%2C2048&amp;ssl=1 1331w, https:\/\/i0.wp.com\/kastellskolan.se\/sida\/wp-content\/uploads\/2025\/01\/image-1.png?resize=600%2C923&amp;ssl=1 600w, https:\/\/i0.wp.com\/kastellskolan.se\/sida\/wp-content\/uploads\/2025\/01\/image-1.png?w=1620&amp;ssl=1 1620w, https:\/\/i0.wp.com\/kastellskolan.se\/sida\/wp-content\/uploads\/2025\/01\/image-1.png?w=2430&amp;ssl=1 2430w\" sizes=\"(max-width: 106px) 100vw, 106px\" \/><\/a><\/p>\n<p>Sofie Eriksson,\u00a0<em>f\u00f6rskoll\u00e4rare<\/em><\/p>\n<p><a href=\"https:\/\/i0.wp.com\/kastellskolan.se\/sida\/wp-content\/uploads\/2023\/12\/Holmstrom_Marita-kopia-scaled.jpeg?ssl=1\"><img data-recalc-dims=\"1\" loading=\"lazy\" decoding=\"async\" class=\"alignnone  wp-image-11238\" src=\"https:\/\/i0.wp.com\/kastellskolan.se\/sida\/wp-content\/uploads\/2023\/12\/Holmstrom_Marita-kopia.jpeg?resize=102%2C153&#038;ssl=1\" alt=\"\" width=\"102\" height=\"153\" srcset=\"https:\/\/i0.wp.com\/kastellskolan.se\/sida\/wp-content\/uploads\/2023\/12\/Holmstrom_Marita-kopia-scaled.jpeg?resize=200%2C300&amp;ssl=1 200w, https:\/\/i0.wp.com\/kastellskolan.se\/sida\/wp-content\/uploads\/2023\/12\/Holmstrom_Marita-kopia-scaled.jpeg?resize=683%2C1024&amp;ssl=1 683w, https:\/\/i0.wp.com\/kastellskolan.se\/sida\/wp-content\/uploads\/2023\/12\/Holmstrom_Marita-kopia-scaled.jpeg?resize=768%2C1152&amp;ssl=1 768w, https:\/\/i0.wp.com\/kastellskolan.se\/sida\/wp-content\/uploads\/2023\/12\/Holmstrom_Marita-kopia-scaled.jpeg?resize=1024%2C1536&amp;ssl=1 1024w, https:\/\/i0.wp.com\/kastellskolan.se\/sida\/wp-content\/uploads\/2023\/12\/Holmstrom_Marita-kopia-scaled.jpeg?resize=1365%2C2048&amp;ssl=1 1365w, https:\/\/i0.wp.com\/kastellskolan.se\/sida\/wp-content\/uploads\/2023\/12\/Holmstrom_Marita-kopia-scaled.jpeg?resize=40%2C60&amp;ssl=1 40w, https:\/\/i0.wp.com\/kastellskolan.se\/sida\/wp-content\/uploads\/2023\/12\/Holmstrom_Marita-kopia-scaled.jpeg?resize=600%2C900&amp;ssl=1 600w, https:\/\/i0.wp.com\/kastellskolan.se\/sida\/wp-content\/uploads\/2023\/12\/Holmstrom_Marita-kopia-scaled.jpeg?w=1707&amp;ssl=1 1707w, https:\/\/i0.wp.com\/kastellskolan.se\/sida\/wp-content\/uploads\/2023\/12\/Holmstrom_Marita-kopia-scaled.jpeg?w=1620&amp;ssl=1 1620w\" sizes=\"(max-width: 102px) 100vw, 102px\" \/><\/a><\/p>\n<p>Marita Holmstr\u00f6m, <em>rektor<\/em><\/p>\n<p><a href=\"https:\/\/kastellskolan.se\/sida\/wp-content\/uploads\/2026\/01\/Trygghetsplan-2026-FSK-.pdf\">Kastellskolan F\u00f6rskola Trygghetsplan<\/a><\/p><\/p>\n","protected":false},"excerpt":{"rendered":"<p>F\u00f6rskolan\u00a0\u2013 grunden f\u00f6r barnets livsl\u00e5nga l\u00e4rande: \u2022 En frist\u00e5ende f\u00f6rskola f\u00f6r barn i \u00e5ldrarna 1-5 \u00e5r. \u2022 Med barnet i fokus: H\u00e4r och nu vill vi utforska v\u00e4rlden tillsammans med ditt barn. Det \u00e4r med stor gl\u00e4dje vi antar utmaningen att ge ditt barn de allra b\u00e4sta f\u00f6ruts\u00e4ttningar och stimulera honom eller henne till att &hellip; <\/p>\n","protected":false},"author":12,"featured_media":0,"parent":0,"menu_order":0,"comment_status":"closed","ping_status":"closed","template":"","meta":{"jetpack_post_was_ever_published":false,"footnotes":""},"class_list":["post-730","page","type-page","status-publish","hentry","latest_post"],"jetpack_sharing_enabled":true,"jetpack_shortlink":"https:\/\/wp.me\/P4pxxI-bM","_links":{"self":[{"href":"https:\/\/kastellskolan.se\/sida\/wp-json\/wp\/v2\/pages\/730","targetHints":{"allow":["GET"]}}],"collection":[{"href":"https:\/\/kastellskolan.se\/sida\/wp-json\/wp\/v2\/pages"}],"about":[{"href":"https:\/\/kastellskolan.se\/sida\/wp-json\/wp\/v2\/types\/page"}],"author":[{"embeddable":true,"href":"https:\/\/kastellskolan.se\/sida\/wp-json\/wp\/v2\/users\/12"}],"replies":[{"embeddable":true,"href":"https:\/\/kastellskolan.se\/sida\/wp-json\/wp\/v2\/comments?post=730"}],"version-history":[{"count":34,"href":"https:\/\/kastellskolan.se\/sida\/wp-json\/wp\/v2\/pages\/730\/revisions"}],"predecessor-version":[{"id":11856,"href":"https:\/\/kastellskolan.se\/sida\/wp-json\/wp\/v2\/pages\/730\/revisions\/11856"}],"wp:attachment":[{"href":"https:\/\/kastellskolan.se\/sida\/wp-json\/wp\/v2\/media?parent=730"}],"curies":[{"name":"wp","href":"https:\/\/api.w.org\/{rel}","templated":true}]}}