{"id":706,"date":"2015-02-13T11:12:56","date_gmt":"2015-02-13T10:12:56","guid":{"rendered":"http:\/\/kastellskolan.se\/sida\/?page_id=706"},"modified":"2023-10-19T11:19:15","modified_gmt":"2023-10-19T09:19:15","slug":"katellskolan","status":"publish","type":"page","link":"https:\/\/kastellskolan.se\/sida\/katellskolan\/","title":{"rendered":"Kastellskolan"},"content":{"rendered":"<p>Kastellskolan har ett bra l\u00e4ge p\u00e5<span style=\"color: #3366ff;\"> <a title=\"V\u00e4gbeskrivning\" href=\"https:\/\/www.google.se\/maps\/dir\/%27%27\/Kristinagatan+2,+871+60+H%C3%A4rn%C3%B6sand\/data=!4m5!4m4!1m0!1m2!1m1!1s0x46649b2e56980519:0xd283b6004bc3fa16?sa=X&amp;ei=JtzdVL3NJMS2UdTOgqgN&amp;ved=0CCMQwwUwAA\" target=\"_blank\" rel=\"noopener\"><span style=\"color: #3366ff;\">Kristinagatan<\/span><\/a><\/span>. Skolan med tillh\u00f6rande<a href=\"https:\/\/kastellskolan.se\/sida\/fritids\/\"> <span style=\"color: #3366ff;\"><span style=\"color: #3366ff;\">fritidshem<\/span><\/span> <\/a>har varit verksam sedan l\u00e4s\u00e5ret 2002-2003, och v\u00e5r f\u00f6rskoleverksamhet \u00f6ppnade under l\u00e4s\u00e5ret 2006-2007. I dagsl\u00e4get \u00e4r vi v\u00e4l f\u00f6rankrad som en av H\u00e4rn\u00f6sands f\u00f6rskolor\/skolor. Vi erbjuder en r\u00f6d tr\u00e5d i l\u00e4randet f\u00f6r barn fr\u00e5n ett till sexton \u00e5r.\u00a0Vi \u00e4r den lilla skolan med de stora m\u00f6jligheterna.<\/p>\n<p>Verksamheten har en frist\u00e5ende huvudman, Kastellskolans <a title=\"F\u00f6reningen\" href=\"https:\/\/kastellskolan.se\/sida\/om\/\"><span style=\"color: #3366ff;\"><span style=\"color: #3366ff;\">ideella f\u00f6rening<\/span><\/span><\/a>, och drivs utifr\u00e5n <span style=\"color: #666699;\"><a href=\"https:\/\/kastellskolan.se\/sida\/vardegrund\/\"><span style=\"color: #666699;\">en kristen v\u00e4rdegrund<\/span><\/a>.<\/span> Vi ser l\u00e4rande som en lustfylld process genom vilken barnen successivt utvecklar f\u00f6rst\u00e5elsen av omv\u00e4rlden. Vi tror att kunskaper och f\u00e4rdigheter utvecklas i meningsfulla sammanhang d\u00e4r barnets erfarenheter \u00e4r utg\u00e5ngspunkt. L\u00e4randet sker genom att barn och pedagoger tar del av, bearbetar, pr\u00f6var och v\u00e4rderar information.<\/p>\n<p>Interaktion mellan m\u00e4nniskor \u00e4r grundl\u00e4ggande f\u00f6r allt l\u00e4rande. Samtal och kommunikation i vid bem\u00e4rkelse skall d\u00e4rf\u00f6r utg\u00f6ra en sj\u00e4lvklar del av verksamheten i alla barn- och elevgrupper p\u00e5 skolan. D\u00e5 utvecklas f\u00f6rm\u00e5gan att problematisera, argumentera, lyssna p\u00e5 och f\u00f6rst\u00e5 andras argument, v\u00e4rdera och ta st\u00e4llning. Denna h\u00e5llning bidrar till kunskap, fr\u00e4mjar demokratisk fostran och respekt f\u00f6r andra v\u00e4rden som \u00e4r en del av skolans kristna v\u00e4rdegrund.<\/p>\n<p>Kastellskolan erbjuder en milj\u00f6 d\u00e4r ert barn f\u00e5r en m\u00f6jlighet att utvecklas p\u00e5 en plats under en l\u00e4ngre tid. Vi erbjuder en tydlig progression som l\u00f6per fr\u00e5n v\u00e5r f\u00f6rskola och in i skolan. Vi v\u00e4rdes\u00e4tter att varje elev \u00e4r unik.\u00a0P\u00e5 Kastellskolan \u00e4r man d\u00e4rf\u00f6r inte en i m\u00e4ngden, utan en unik individ med egna \u00e5sikter som ska tillvaratas!<\/p>\n<p class=\"normal\"><strong>F\u00f6rs\u00e4kring<\/strong><\/p>\n<p class=\"normal\">Barn och elever p\u00e5 Kastellskolan \u00e4r f\u00f6rs\u00e4krade via en kollektiv olycksfallsf\u00f6rs\u00e4kring, dvs samma f\u00f6rs\u00e4kringsbolag som barn och elever i H\u00e4rn\u00f6sands kommuns verksamhetsomr\u00e5de.<\/p>\n<p class=\"normal\">Svedea \u00e4r f\u00f6rs\u00e4kringsgivare fr\u00e5n och med den 1 augusti 2021.<\/p>\n<p class=\"normal\">Kontaktuppgifter:<br \/>\nSvedea<br \/>\nTelefon: 0771 \u2013 160 161<br \/>\nE-post: <a href=\"mailto:skadorforetag@svedea.se\">skadorforetag@svedea.se<\/a><br \/>\n<strong><a href=\"https:\/\/harnosand.se\/download\/18.e6350e017b4d5c6f6e2d530\/1629194228472\/Kollektiv_Olycksfallsf%C3%B6rs%C3%A4kring_f%C3%B6r_H%C3%A4rn%C3%B6sands_kommun_F%C3%B6rs%C3%A4kringsbesked_2021.pdf\" target=\"_blank\" rel=\"noopener\">F\u00f6rs\u00e4kringsbesked &#8211; Kollektiv olycksfallsf\u00f6rs\u00e4kring<img data-recalc-dims=\"1\" decoding=\"async\" class=\"sv-linkicon\" src=\"https:\/\/i0.wp.com\/harnosand.se\/sitevision\/util\/images\/mime\/pdf.png?w=810&#038;ssl=1\" alt=\"\" \/><span class=\"env-assistive-text\"> Pdf, 583.1 kB.<\/span><\/a><\/strong><\/p>\n<h2><\/h2>\n<h2><strong>Matsedel finns att l\u00e4sa p\u00e5 Schoolity.com och klicka sedan p\u00e5 &#8221;V\u00e5r skola&#8221; sedan &#8221;Matsedel&#8221;. Samma matsedel f\u00f6r f\u00f6rskola samt f\u00f6rskoleklass-\u00e5k9.<\/strong><\/h2>\n","protected":false},"excerpt":{"rendered":"<p>Kastellskolan har ett bra l\u00e4ge p\u00e5 Kristinagatan. Skolan med tillh\u00f6rande fritidshem har varit verksam sedan l\u00e4s\u00e5ret 2002-2003, och v\u00e5r f\u00f6rskoleverksamhet \u00f6ppnade under l\u00e4s\u00e5ret 2006-2007. I dagsl\u00e4get \u00e4r vi v\u00e4l f\u00f6rankrad som en av H\u00e4rn\u00f6sands f\u00f6rskolor\/skolor. Vi erbjuder en r\u00f6d tr\u00e5d i l\u00e4randet f\u00f6r barn fr\u00e5n ett till sexton \u00e5r.\u00a0Vi \u00e4r den lilla skolan med de &hellip; <\/p>\n","protected":false},"author":12,"featured_media":0,"parent":0,"menu_order":0,"comment_status":"closed","ping_status":"closed","template":"","meta":{"jetpack_post_was_ever_published":false,"footnotes":""},"class_list":["post-706","page","type-page","status-publish","hentry","latest_post"],"jetpack_sharing_enabled":true,"jetpack_shortlink":"https:\/\/wp.me\/P4pxxI-bo","_links":{"self":[{"href":"https:\/\/kastellskolan.se\/sida\/wp-json\/wp\/v2\/pages\/706","targetHints":{"allow":["GET"]}}],"collection":[{"href":"https:\/\/kastellskolan.se\/sida\/wp-json\/wp\/v2\/pages"}],"about":[{"href":"https:\/\/kastellskolan.se\/sida\/wp-json\/wp\/v2\/types\/page"}],"author":[{"embeddable":true,"href":"https:\/\/kastellskolan.se\/sida\/wp-json\/wp\/v2\/users\/12"}],"replies":[{"embeddable":true,"href":"https:\/\/kastellskolan.se\/sida\/wp-json\/wp\/v2\/comments?post=706"}],"version-history":[{"count":37,"href":"https:\/\/kastellskolan.se\/sida\/wp-json\/wp\/v2\/pages\/706\/revisions"}],"predecessor-version":[{"id":11080,"href":"https:\/\/kastellskolan.se\/sida\/wp-json\/wp\/v2\/pages\/706\/revisions\/11080"}],"wp:attachment":[{"href":"https:\/\/kastellskolan.se\/sida\/wp-json\/wp\/v2\/media?parent=706"}],"curies":[{"name":"wp","href":"https:\/\/api.w.org\/{rel}","templated":true}]}}