{"id":498,"date":"2012-10-01T21:29:19","date_gmt":"2012-10-01T21:29:19","guid":{"rendered":"http:\/\/kastellskolan.se\/sida\/?page_id=498"},"modified":"2026-03-31T15:18:10","modified_gmt":"2026-03-31T13:18:10","slug":"dokument","status":"publish","type":"page","link":"https:\/\/kastellskolan.se\/sida\/dokument\/","title":{"rendered":"Dokument"},"content":{"rendered":"<p>Nedan f\u00f6ljer dokument riktade till v\u00e5rdnadshavare\/elever\/personal p\u00e5 Kastellskolan:<\/p>\n<p>_____________________________________________________________________<\/p>\n<h1><strong>Blanketter<\/strong><\/h1>\n<h2>F\u00f6rskola<\/h2>\n<p><a href=\"https:\/\/kastellskolan.se\/sida\/wp-content\/uploads\/2025\/03\/Blankett-Sekretess-forskola-till-skola.pdf\" target=\"_blank\" rel=\"noopener\">Blankett sekretess &#8211; Samtycke till undantag fr\u00e5n sekretess vid \u00f6verg\u00e5ng F\u00d6RSKOLA till skola\u00a0<\/a>(l\u00e4mnas till expeditionen)<\/p>\n<h2>F\u00f6rskola samt Fritids (\u00e5k F-6)<\/h2>\n<p><a href=\"https:\/\/kastellskolan.se\/sida\/wp-content\/uploads\/2026\/03\/Nyanmalan-Uppsagning-Fritidshem-och-Forskolan.pdf\">Nyanm\u00e4lan\/Upps\u00e4gning av f\u00f6rskole-\/fritidsplats<\/a> (l\u00e4mnas till expeditionen)<\/p>\n<p><a href=\"https:\/\/kastellskolan.se\/sida\/wp-content\/uploads\/2026\/03\/Inkomstuppgifter-forskola-och-fritids-2026.pdf\">Inkomstuppgifter &#8211; f\u00f6rskola och fritids<\/a> + Information \u00a0(l\u00e4mnas till expeditionen)<\/p>\n<p><a href=\"https:\/\/kastellskolan.se\/sida\/wp-content\/uploads\/2025\/08\/Bestallning-av-specialkost-och-sarskild-kost.pdf\" target=\"_blank\" rel=\"noopener\">Behov av s\u00e4rskild kost<\/a> (G\u00e4ller b\u00e5de f\u00f6rskola och grundskola, l\u00e4mnas till expeditionen)<\/p>\n<h2>Grundskola<\/h2>\n<p><a href=\"https:\/\/harnosand.se\/e-tjanster-och-blanketter\/utbildning-och-forskola\/modersmalsundervisning-fran-ak-1-till-gymnasiet\/ansokan-om-modersmalsundervisning.html\" target=\"_blank\" rel=\"noopener\">Digital ans\u00f6kan f\u00f6r modersm\u00e5lsundervisning<\/a> (med bankid)<br \/>Digitalanm\u00e4lan g\u00f6ras i f\u00f6rsta hand till kommunens modersm\u00e5lssamordnare<\/p>\n<p><a href=\"https:\/\/kastellskolan.se\/sida\/wp-content\/uploads\/2023\/03\/Ansokan-och-information-om-modersmalsundervisning.pdf\" target=\"_blank\" rel=\"noopener\">Ans\u00f6kan om modersm\u00e5lsundervisning<\/a> (om ej bankid finns, l\u00e4mnas till expeditionen som vid.bef. till kommunen)<\/p>\n<p><a href=\"https:\/\/kastellskolan.se\/sida\/wp-content\/uploads\/2025\/10\/Ledighetsansokan-Elev.pdf\">Ledighetsans\u00f6kan elev<\/a> (l\u00e4mnas till mentor)<\/p>\n<p><a href=\"https:\/\/kastellskolan.se\/sida\/wp-content\/uploads\/2025\/03\/Blankett-Sekretess.pdf\" target=\"_blank\" rel=\"noopener\">Blankett sekretess &#8211; Samtycke till undantag fr\u00e5n sekretess vid \u00f6verg\u00e5ng SKOLA till skola<\/a> (skola till skola, l\u00e4mnas till expeditionen)<\/p>\n<p><a href=\"https:\/\/kastellskolan.se\/sida\/wp-content\/uploads\/2023\/03\/Dags-for-sprakval-info-Skolverket.pdf\" target=\"_blank\" rel=\"noopener\">Dags f\u00f6r spr\u00e5kval &#8211; Information fr\u00e5n Skolverket<\/a><\/p>\n<p><a href=\"https:\/\/kastellskolan.se\/sida\/wp-content\/uploads\/2023\/03\/Sprakval-infor-ak6.pdf\" target=\"_blank\" rel=\"noopener\">Spr\u00e5kval inf\u00f6r \u00e5k6<\/a> (l\u00e4mnas till mentor)<\/p>\n<p><a href=\"https:\/\/kastellskolan.se\/sida\/wp-content\/uploads\/2023\/03\/Sprakval-infor-ak7.pdf\" target=\"_blank\" rel=\"noopener\">Spr\u00e5kval inf\u00f6r \u00e5k7<\/a> (l\u00e4mnas till mentor)<\/p>\n<p><a href=\"https:\/\/kastellskolan.se\/sida\/wp-content\/uploads\/2023\/03\/Sprakval-sprakvalsbyte.pdf\" target=\"_blank\" rel=\"noopener\">Spr\u00e5kvalsbyte<\/a> (l\u00e4mnas till mentor)<\/p>\n<p><a href=\"https:\/\/kastellskolan.se\/sida\/wp-content\/uploads\/2023\/03\/Ansokan-om-medlemskap-Kastellskolan-Ideella-forening.pdf\" target=\"_blank\" rel=\"noopener\">Ans\u00f6kan medlemskap Kastellskolans Ideella f\u00f6rening<\/a> (l\u00e4mnas till expeditionen)<\/p>\n<p>_____________________________________________________________________<\/p>\n<h1><b>Dokument<\/b><\/h1>\n<p><a href=\"https:\/\/kastellskolan.se\/sida\/wp-content\/uploads\/2019\/09\/Stadgar-2018-slutliga.pdf\" target=\"_blank\" rel=\"noopener\">F\u00f6reningens stadgar<\/a><\/p>\n<h2>F\u00f6rskola<\/h2>\n<p><a href=\"https:\/\/kastellskolan.se\/sida\/wp-content\/uploads\/2026\/01\/Trygghetsplan-2026-FSK-.pdf\">Kastellskolan F\u00f6rskola Trygghetsplan<\/a><\/p>\n<h2>Grundskola<\/h2>\n<p><a href=\"https:\/\/kastellskolan.se\/sida\/wp-content\/uploads\/2012\/10\/F\u00f6rv\u00e4ntansdokument-20160927.pdf\" target=\"_blank\" rel=\"noopener\">F\u00f6rv\u00e4ntansdokument<\/a><\/p>\n<p><a href=\"https:\/\/kastellskolan.se\/sida\/wp-content\/uploads\/2023\/09\/Ordningsregler-och-riktlinjer-for-mobiltelefoner-23030920-2.docx\" target=\"_blank\" rel=\"noopener\">Ordningsregler<\/a><\/p>\n<p><a href=\"https:\/\/kastellskolan.se\/sida\/wp-content\/uploads\/2012\/10\/Plan-f\u00f6r-barnelevinflytande-20160927.pdf\" target=\"_blank\" rel=\"noopener\">Plan f\u00f6r barn- och elevinflytande<\/a><\/p>\n<p><a href=\"https:\/\/kastellskolan.se\/sida\/wp-content\/uploads\/2012\/10\/Policy-f\u00f6r-bes\u00f6kare-p\u00e5-Kastellskolan-20160927.pdf\" target=\"_blank\" rel=\"noopener\">Policy f\u00f6r bes\u00f6k p\u00e5 Kastellskolan<\/a><\/p>\n<p><a href=\"https:\/\/kastellskolan.se\/sida\/wp-content\/uploads\/2012\/10\/Elevsk\u00e5p.docx\" target=\"_blank\" rel=\"noopener\">Riktlinjer &#8211; elevsk\u00e5p \u00e5k7-9<\/a><\/p>\n<p><a href=\"https:\/\/kastellskolan.se\/sida\/wp-content\/uploads\/2012\/10\/Sanktionstrappa-20160927.pdf\" target=\"_blank\" rel=\"noopener\">Sanktionstrappa<\/a><\/p>\n<p><a href=\"https:\/\/kastellskolan.se\/sida\/wp-content\/uploads\/2026\/03\/Trygghetsplan-2026.pdf\">Trygghetsplan-26<\/a><\/p>\n<p><a href=\"https:\/\/kastellskolan.se\/sida\/wp-content\/uploads\/2023\/02\/Saker-avlamninsplats.pdf\" target=\"_blank\" rel=\"noopener\">S\u00e4ker avl\u00e4mningsplats<\/a><\/p>\n<p class=\"normal\">Svedea \u00e4r f\u00f6rs\u00e4kringsgivare f\u00f6r alla skolor i H\u00e4rn\u00f6sands kommun, \u00e4ven Kastellskolan, fr\u00e5n och med den 1 augusti 2024.<\/p>\n<p class=\"normal\">H\u00e4r finns <a href=\"https:\/\/www.svedea.se\/gruppforsakringar\/kommunolycksfall\">mer information om olycksfallsf\u00f6rs\u00e4kringen<img data-recalc-dims=\"1\" decoding=\"async\" class=\"sv-linkicon c10907\" src=\"https:\/\/i0.wp.com\/harnosand.se\/sitevision\/util\/images\/externallink.png?w=810&#038;ssl=1\" alt=\"\" \/><span class=\"env-assistive-text\">L\u00e4nk till annan webbplats.<\/span><\/a>.<br \/><span style=\"font-size: revert; color: initial; font-family: -apple-system, BlinkMacSystemFont, 'Segoe UI', Roboto, Oxygen-Sans, Ubuntu, Cantarell, 'Helvetica Neue', sans-serif;\">Via l\u00e4nken kan man ocks\u00e5 anm\u00e4la skada.<\/span><\/p>\n<p class=\"normal\"><strong>Kontaktuppgifter<br \/><\/strong>Svedea<br \/>Telefon: 0771 \u2013 160 161<br \/>E-post: <a href=\"mailto:skadorforetag@svedea.se\">skadorforetag@svedea.se<\/a><br \/><strong><a href=\"https:\/\/harnosand.se\/download\/18.70f982a71980edafcb372822\/1754998367452\/Kollektiv%20olycksfallsf%C3%B6rs%C3%A4kring%20f%C3%B6r%20H%C3%A4rn%C3%B6sands%20kommun.pdf\">F\u00f6rs\u00e4kringsbesked &#8211; Kollektiv olycksfallsf\u00f6rs\u00e4kring 2024-2025<img data-recalc-dims=\"1\" decoding=\"async\" class=\"sv-linkicon\" src=\"https:\/\/i0.wp.com\/harnosand.se\/sitevision\/util\/images\/mime\/pdf.png?w=810&#038;ssl=1\" alt=\"\" \/><\/a><span class=\"env-assistive-text\">Pdf, 573.1 kB<\/span><a href=\"https:\/\/harnosand.se\/download\/18.70f982a71980edafcb372822\/1754998367452\/Kollektiv%20olycksfallsf%C3%B6rs%C3%A4kring%20f%C3%B6r%20H%C3%A4rn%C3%B6sands%20kommun.pdf\"><span class=\"env-assistive-text\">.<\/span><\/a><span aria-hidden=\"true\"> (Pdf, 573.1 kB)<\/span><\/strong>Skolan i sin tur skriver en Tillbudsanm\u00e4lan som Rektor och bitr\u00e4dande rektor tar del av.\u00a0<\/p><\/p>\n","protected":false},"excerpt":{"rendered":"<p>Nedan f\u00f6ljer dokument riktade till v\u00e5rdnadshavare\/elever\/personal p\u00e5 Kastellskolan: _____________________________________________________________________ Blanketter F\u00f6rskola Blankett sekretess &#8211; Samtycke till undantag fr\u00e5n sekretess vid \u00f6verg\u00e5ng F\u00d6RSKOLA till skola\u00a0(l\u00e4mnas till expeditionen) F\u00f6rskola samt Fritids (\u00e5k F-6) Nyanm\u00e4lan\/Upps\u00e4gning av f\u00f6rskole-\/fritidsplats (l\u00e4mnas till expeditionen) Inkomstuppgifter &#8211; f\u00f6rskola och fritids + Information \u00a0(l\u00e4mnas till expeditionen) Behov av s\u00e4rskild kost (G\u00e4ller b\u00e5de f\u00f6rskola och &hellip; <\/p>\n","protected":false},"author":12,"featured_media":0,"parent":0,"menu_order":0,"comment_status":"closed","ping_status":"open","template":"","meta":{"jetpack_post_was_ever_published":false,"footnotes":""},"class_list":["post-498","page","type-page","status-publish","hentry","latest_post"],"jetpack_sharing_enabled":true,"jetpack_shortlink":"https:\/\/wp.me\/P4pxxI-82","_links":{"self":[{"href":"https:\/\/kastellskolan.se\/sida\/wp-json\/wp\/v2\/pages\/498","targetHints":{"allow":["GET"]}}],"collection":[{"href":"https:\/\/kastellskolan.se\/sida\/wp-json\/wp\/v2\/pages"}],"about":[{"href":"https:\/\/kastellskolan.se\/sida\/wp-json\/wp\/v2\/types\/page"}],"author":[{"embeddable":true,"href":"https:\/\/kastellskolan.se\/sida\/wp-json\/wp\/v2\/users\/12"}],"replies":[{"embeddable":true,"href":"https:\/\/kastellskolan.se\/sida\/wp-json\/wp\/v2\/comments?post=498"}],"version-history":[{"count":138,"href":"https:\/\/kastellskolan.se\/sida\/wp-json\/wp\/v2\/pages\/498\/revisions"}],"predecessor-version":[{"id":11932,"href":"https:\/\/kastellskolan.se\/sida\/wp-json\/wp\/v2\/pages\/498\/revisions\/11932"}],"wp:attachment":[{"href":"https:\/\/kastellskolan.se\/sida\/wp-json\/wp\/v2\/media?parent=498"}],"curies":[{"name":"wp","href":"https:\/\/api.w.org\/{rel}","templated":true}]}}