{"id":11628,"date":"2025-03-26T09:27:53","date_gmt":"2025-03-26T08:27:53","guid":{"rendered":"https:\/\/kastellskolan.se\/sida\/?page_id=11628"},"modified":"2025-03-26T09:28:51","modified_gmt":"2025-03-26T08:28:51","slug":"forskoleklass","status":"publish","type":"page","link":"https:\/\/kastellskolan.se\/sida\/katellskolan\/forskoleklass\/","title":{"rendered":"F\u00f6rskoleklass"},"content":{"rendered":"<p><a href=\"https:\/\/kastellskolan.se\/sida\/koanmalan-3\/\">G\u00e5 direkt till k\u00f6anm\u00e4lan<\/a><\/p>\n<p>Kastellskolans f\u00f6rskoleklass \u00e4r en naturlig forts\u00e4ttning f\u00f6r barnen p\u00e5 v\u00e5r f\u00f6rskola, men vi tar ocks\u00e5 g\u00e4rna emot elever som inte har g\u00e5tt h\u00e4r. Vi erbjuder en lugn och fin milj\u00f6 med ljusa fina lokaler och med ett maxantal p\u00e5 22 elever\/klass.<\/p>\n<p>Det k\u00e4nns ofta nytt och sp\u00e4nnande f\u00f6r barnet att b\u00f6rja i f\u00f6rskoleklass &#8211; det f\u00f6rsta steget in i skolan. V\u00e5rt fokus \u00e4r inl\u00e4rning med hj\u00e4lp av lek och social trygghet, med utg\u00e5ngspunkt i elevens egna f\u00f6ruts\u00e4ttningar. <\/p>\n<h2 class=\"wp-block-heading\">Kunskapsomr\u00e5den<\/h2>\n<div class=\"wp-block-image\">\n<figure class=\"aligncenter size-large is-resized\"><a href=\"https:\/\/i0.wp.com\/kastellskolan.se\/sida\/wp-content\/uploads\/2017\/06\/UNADJUSTEDNONRAW_thumb_1e49.jpg?ssl=1\"><img data-recalc-dims=\"1\" fetchpriority=\"high\" decoding=\"async\" width=\"768\" height=\"1024\" src=\"https:\/\/i0.wp.com\/kastellskolan.se\/sida\/wp-content\/uploads\/2017\/06\/UNADJUSTEDNONRAW_thumb_1e49.jpg?resize=768%2C1024&#038;ssl=1\" alt=\"Barn som leker p\u00e5 golvet. \" class=\"wp-image-1103\" style=\"width:284px;height:auto\" srcset=\"https:\/\/i0.wp.com\/kastellskolan.se\/sida\/wp-content\/uploads\/2017\/06\/UNADJUSTEDNONRAW_thumb_1e49.jpg?w=768&amp;ssl=1 768w, https:\/\/i0.wp.com\/kastellskolan.se\/sida\/wp-content\/uploads\/2017\/06\/UNADJUSTEDNONRAW_thumb_1e49.jpg?resize=600%2C800&amp;ssl=1 600w, https:\/\/i0.wp.com\/kastellskolan.se\/sida\/wp-content\/uploads\/2017\/06\/UNADJUSTEDNONRAW_thumb_1e49.jpg?resize=225%2C300&amp;ssl=1 225w\" sizes=\"(max-width: 768px) 100vw, 768px\" \/><\/a><\/figure>\n<\/div>\n<ul class=\"wp-block-list\">\n<li>Spr\u00e5k och kommunikation<\/li>\n<li>Skapande och estetiska uttrycksformer<\/li>\n<li>Matematiska resonemang och uttrycksformer<\/li>\n<li>Natur, teknik och samh\u00e4lle<\/li>\n<li>Lekar, fysisk aktivitet och utevistelse<\/li>\n<\/ul>\n<p>De olika delarna f\u00f6rbereder p\u00e5 ett lekfullt s\u00e4tt eleverna f\u00f6r \u00f6verg\u00e5ngen till skolan. <\/p>\n<h2 class=\"wp-block-heading\">Lokalerna<\/h2>\n<div class=\"wp-block-image\">\n<figure class=\"aligncenter size-large is-resized\"><a href=\"https:\/\/i0.wp.com\/kastellskolan.se\/sida\/wp-content\/uploads\/2021\/02\/Forskoleklass2-scaled.jpg?ssl=1\"><img data-recalc-dims=\"1\" decoding=\"async\" width=\"810\" height=\"608\" src=\"https:\/\/i0.wp.com\/kastellskolan.se\/sida\/wp-content\/uploads\/2021\/02\/Forskoleklass2.jpg?resize=810%2C608&#038;ssl=1\" alt=\"F\u00f6rskoleklassens hemklassrum\" class=\"wp-image-9167\" style=\"width:297px;height:auto\" srcset=\"https:\/\/i0.wp.com\/kastellskolan.se\/sida\/wp-content\/uploads\/2021\/02\/Forskoleklass2-scaled.jpg?resize=1024%2C768&amp;ssl=1 1024w, https:\/\/i0.wp.com\/kastellskolan.se\/sida\/wp-content\/uploads\/2021\/02\/Forskoleklass2-scaled.jpg?resize=300%2C225&amp;ssl=1 300w, https:\/\/i0.wp.com\/kastellskolan.se\/sida\/wp-content\/uploads\/2021\/02\/Forskoleklass2-scaled.jpg?resize=768%2C576&amp;ssl=1 768w, https:\/\/i0.wp.com\/kastellskolan.se\/sida\/wp-content\/uploads\/2021\/02\/Forskoleklass2-scaled.jpg?resize=1536%2C1152&amp;ssl=1 1536w, https:\/\/i0.wp.com\/kastellskolan.se\/sida\/wp-content\/uploads\/2021\/02\/Forskoleklass2-scaled.jpg?resize=2048%2C1536&amp;ssl=1 2048w, https:\/\/i0.wp.com\/kastellskolan.se\/sida\/wp-content\/uploads\/2021\/02\/Forskoleklass2-scaled.jpg?resize=80%2C60&amp;ssl=1 80w, https:\/\/i0.wp.com\/kastellskolan.se\/sida\/wp-content\/uploads\/2021\/02\/Forskoleklass2-scaled.jpg?resize=600%2C450&amp;ssl=1 600w, https:\/\/i0.wp.com\/kastellskolan.se\/sida\/wp-content\/uploads\/2021\/02\/Forskoleklass2-scaled.jpg?w=1620&amp;ssl=1 1620w, https:\/\/i0.wp.com\/kastellskolan.se\/sida\/wp-content\/uploads\/2021\/02\/Forskoleklass2-scaled.jpg?w=2430&amp;ssl=1 2430w\" sizes=\"(max-width: 810px) 100vw, 810px\" \/><\/a><\/figure>\n<\/div>\n<p>F\u00f6rskoleklassens lokaler \u00e4r stora och ljusa, med tillg\u00e5ng ett klassrum, ett stort lekrum och ett mindre grupprum. <\/p>\n<p>Om du \u00e4r intresserad av en visning av v\u00e5ra fina lokaler och en presentation av v\u00e5r verksamhet i f\u00f6rskoleklass, s\u00e5 ring 070-7539419 (bitr.rektor Marita Holmstr\u00f6m) och boka en tid f\u00f6r visning och presentation.<\/p>\n<p>Vill du anm\u00e4la ditt barn s\u00e5 hittar du information om det <a href=\"https:\/\/kastellskolan.se\/sida\/koanmalan-3\/\">h\u00e4r<\/a>. <\/p>\n","protected":false},"excerpt":{"rendered":"<p>G\u00e5 direkt till k\u00f6anm\u00e4lan Kastellskolans f\u00f6rskoleklass \u00e4r en naturlig forts\u00e4ttning f\u00f6r barnen p\u00e5 v\u00e5r f\u00f6rskola, men vi tar ocks\u00e5 g\u00e4rna emot elever som inte har g\u00e5tt h\u00e4r. Vi erbjuder en lugn och fin milj\u00f6 med ljusa fina lokaler och med ett maxantal p\u00e5 22 elever\/klass. Det k\u00e4nns ofta nytt och sp\u00e4nnande f\u00f6r barnet att b\u00f6rja &hellip; <\/p>\n","protected":false},"author":12,"featured_media":9168,"parent":706,"menu_order":0,"comment_status":"closed","ping_status":"closed","template":"","meta":{"jetpack_post_was_ever_published":false,"footnotes":""},"class_list":["post-11628","page","type-page","status-publish","has-post-thumbnail","hentry","latest_post"],"jetpack_sharing_enabled":true,"jetpack_shortlink":"https:\/\/wp.me\/P4pxxI-31y","_links":{"self":[{"href":"https:\/\/kastellskolan.se\/sida\/wp-json\/wp\/v2\/pages\/11628","targetHints":{"allow":["GET"]}}],"collection":[{"href":"https:\/\/kastellskolan.se\/sida\/wp-json\/wp\/v2\/pages"}],"about":[{"href":"https:\/\/kastellskolan.se\/sida\/wp-json\/wp\/v2\/types\/page"}],"author":[{"embeddable":true,"href":"https:\/\/kastellskolan.se\/sida\/wp-json\/wp\/v2\/users\/12"}],"replies":[{"embeddable":true,"href":"https:\/\/kastellskolan.se\/sida\/wp-json\/wp\/v2\/comments?post=11628"}],"version-history":[{"count":4,"href":"https:\/\/kastellskolan.se\/sida\/wp-json\/wp\/v2\/pages\/11628\/revisions"}],"predecessor-version":[{"id":11633,"href":"https:\/\/kastellskolan.se\/sida\/wp-json\/wp\/v2\/pages\/11628\/revisions\/11633"}],"up":[{"embeddable":true,"href":"https:\/\/kastellskolan.se\/sida\/wp-json\/wp\/v2\/pages\/706"}],"wp:featuredmedia":[{"embeddable":true,"href":"https:\/\/kastellskolan.se\/sida\/wp-json\/wp\/v2\/media\/9168"}],"wp:attachment":[{"href":"https:\/\/kastellskolan.se\/sida\/wp-json\/wp\/v2\/media?parent=11628"}],"curies":[{"name":"wp","href":"https:\/\/api.w.org\/{rel}","templated":true}]}}